{"id":25751,"date":"2020-02-10T13:25:26","date_gmt":"2020-02-10T12:25:26","guid":{"rendered":"http:\/\/v2.screenable.io\/?page_id=25751"},"modified":"2026-04-01T10:39:27","modified_gmt":"2026-04-01T08:39:27","slug":"impressum","status":"publish","type":"page","link":"https:\/\/screenable.io\/en\/impressum\/","title":{"rendered":"Imprint"},"content":{"rendered":"<div class=\"wpb-content-wrapper\"><div id=\"vc_row-69f0dd25ecf24\" class=\"vc_row wpb_row vc_row-fluid thegem-custom-69f0dd25ecece2076\"><div class=\"wpb_column vc_column_container vc_col-sm-12 thegem-custom-69f0dd25ed3532345\" ><div class=\"vc_column-inner thegem-custom-inner-69f0dd25ed355\"><div class=\"wpb_wrapper thegem-custom-69f0dd25ed3532345\">\r\n\t\r\n\t\t<div class=\"wpb_text_column wpb_content_element  thegem-vc-text thegem-custom-69f0dd25ed6929127\"  >\r\n\t\t\t<div class=\"wpb_wrapper\">\r\n\t\t\t\t<h1 style=\"text-align: center;\">Imprint<\/h1>\n\r\n\t\t\t<\/div>\r\n\t\t\t<style>@media screen and (max-width: 1023px) {.thegem-vc-text.thegem-custom-69f0dd25ed6929127{display: block!important;}}@media screen and (max-width: 767px) {.thegem-vc-text.thegem-custom-69f0dd25ed6929127{display: block!important;}}@media screen and (max-width: 1023px) {.thegem-vc-text.thegem-custom-69f0dd25ed6929127{position: relative !important;}}@media screen and (max-width: 767px) {.thegem-vc-text.thegem-custom-69f0dd25ed6929127{position: relative !important;}}<\/style>\r\n\t\t<\/div>\r\n\t\r\n<div class=\"vc_empty_space\"   style=\"height: 50px\"><span class=\"vc_empty_space_inner\"><\/span><\/div>\r\n\t\r\n\t\t<div class=\"wpb_text_column wpb_content_element  thegem-vc-text thegem-custom-69f0dd25edbc38335\"  >\r\n\t\t\t<div class=\"wpb_wrapper\">\r\n\t\t\t\t<p><strong>Angaben gem\u00e4\u00df \u00a7 5 TMG<\/strong><br \/>screenable GmbH<br \/>Fraunhoferstra\u00dfe 13<br \/>24118 Kiel<\/p>\n<p><!-- \/wp:post-content --><\/p>\n<p><!-- wp:paragraph --><strong>Vertretungsberechtige Gesch\u00e4ftsf\u00fchrer<\/strong><br \/>Philipp Spieck<br \/>Telefon: 0176 \/ 55 93 17 46<\/p>\n<p>Jens Woltering<br \/>Telefon: 0155 \/ 60 52 14 10<\/p>\n<p>Mail: hello@screenable.io<\/p>\n<p>Registergericht: Amtsgericht Kiel<br \/>Registernummer: HRB 24088<\/p>\n<p><!-- \/wp:paragraph --><\/p>\n<p><!-- wp:paragraph --><strong>Verantwortlich f\u00fcr den Inhalt nach \u00a7 55 Abs. 2 RStV<\/strong><br \/>Jens Woltering<br \/>Fleeth\u00f6rn 7<br \/>24103 Kiel<\/p>\n<p><!-- \/wp:paragraph --><\/p>\n<p><!-- wp:paragraph --><strong>Haftung f\u00fcr Inhalte<\/strong><br \/>Als Diensteanbieter sind wir gem\u00e4\u00df \u00a7 7 Abs.1 TMG f\u00fcr eigene Inhalte auf diesen Seiten nach den allgemeinen Gesetzen verantwortlich. Nach \u00a7\u00a7 8 bis 10 TMG sind wir als Diensteanbieter jedoch nicht verpflichtet, \u00fcbermittelte oder gespeicherte fremde Informationen zu \u00fcberwachen oder nach Umst\u00e4nden zu forschen, die auf eine rechtswidrige T\u00e4tigkeit hinweisen.<br \/>Verpflichtungen zur Entfernung oder Sperrung der Nutzung von Informationen nach den allgemeinen Gesetzen bleiben hiervon unber\u00fchrt. Eine diesbez\u00fcgliche Haftung ist jedoch erst ab dem Zeitpunkt der Kenntnis einer konkreten Rechtsverletzung m\u00f6glich. Bei Bekanntwerden von entsprechenden Rechtsverletzungen werden wir diese Inhalte umgehend entfernen.<\/p>\n<p><strong>Haftung f\u00fcr Links<\/strong><br \/>Unser Angebot enth\u00e4lt Links zu externen Websites Dritter, auf deren Inhalte wir keinen Einfluss haben. Deshalb k\u00f6nnen wir f\u00fcr diese fremden Inhalte auch keine Gew\u00e4hr \u00fcbernehmen. F\u00fcr die Inhalte der verlinkten Seiten ist stets der jeweilige Anbieter oder Betreiber der Seiten verantwortlich. Die verlinkten Seiten wurden zum Zeitpunkt der Verlinkung auf m\u00f6gliche Rechtsverst\u00f6\u00dfe \u00fcberpr\u00fcft. Rechtswidrige Inhalte waren zum Zeitpunkt der Verlinkung nicht erkennbar. Eine permanente inhaltliche Kontrolle der verlinkten Seiten ist jedoch ohne konkrete Anhaltspunkte einer Rechtsverletzung nicht zumutbar. Bei Bekanntwerden von Rechtsverletzungen werden wir derartige Links umgehend entfernen. Urheberrecht<br \/>Die durch die Seitenbetreiber erstellten Inhalte und Werke auf diesen Seiten unterliegen dem deutschen Urheberrecht. Die Vervielf\u00e4ltigung, Bearbeitung, Verbreitung und jede Art der Verwertung au\u00dferhalb der Grenzen des Urheberrechtes bed\u00fcrfen der schriftlichen Zustimmung des jeweiligen Autors bzw. Erstellers. Downloads und Kopien dieser Seite sind nur f\u00fcr den privaten, nicht kommerziellen Gebrauch gestattet. Soweit die Inhalte auf dieser Seite nicht vom Betreiber erstellt wurden, werden die Urheberrechte Dritter beachtet. Insbesondere werden Inhalte Dritter als solche gekennzeichnet. Sollten Sie trotzdem auf eine Urheberrechtsverletzung aufmerksam werden, bitten wir um einen entsprechenden Hinweis. Bei Bekanntwerden von Rechtsverletzungen werden wir derartige Inhalte umgehend entfernen.<\/p>\n<p><!-- \/wp:paragraph -->\u00a0<\/p>\n\r\n\t\t\t<\/div>\r\n\t\t\t<style>@media screen and (max-width: 1023px) {.thegem-vc-text.thegem-custom-69f0dd25edbc38335{display: block!important;}}@media screen and (max-width: 767px) {.thegem-vc-text.thegem-custom-69f0dd25edbc38335{display: block!important;}}@media screen and (max-width: 1023px) {.thegem-vc-text.thegem-custom-69f0dd25edbc38335{position: relative !important;}}@media screen and (max-width: 767px) {.thegem-vc-text.thegem-custom-69f0dd25edbc38335{position: relative !important;}}<\/style>\r\n\t\t<\/div>\r\n\t\r\n<\/div><\/div><\/div><\/div><\/div>","protected":false},"excerpt":{"rendered":"","protected":false},"author":2,"featured_media":0,"parent":0,"menu_order":70,"comment_status":"closed","ping_status":"closed","template":"","meta":{"footnotes":""},"class_list":["post-25751","page","type-page","status-publish"],"yoast_head":"<!-- This site is optimized with the Yoast SEO plugin v27.5 - https:\/\/yoast.com\/product\/yoast-seo-wordpress\/ -->\n<title>Impressum<\/title>\n<meta name=\"description\" content=\"Das Impressum von Screenable\" \/>\n<meta name=\"robots\" content=\"noindex, nofollow\" \/>\n<meta property=\"og:locale\" content=\"en_GB\" \/>\n<meta property=\"og:type\" content=\"article\" \/>\n<meta property=\"og:title\" content=\"Impressum\" \/>\n<meta property=\"og:description\" content=\"Das Impressum von Screenable\" \/>\n<meta property=\"og:url\" content=\"https:\/\/screenable.io\/en\/impressum\/\" \/>\n<meta property=\"og:site_name\" content=\"Screenable: Live-Marketing Games\" \/>\n<meta property=\"article:modified_time\" content=\"2026-04-01T08:39:27+00:00\" \/>\n<meta property=\"og:image\" content=\"https:\/\/screenable.io\/wp-content\/uploads\/2020\/05\/Screenable_logo.png\" \/>\n\t<meta property=\"og:image:width\" content=\"600\" \/>\n\t<meta property=\"og:image:height\" content=\"73\" \/>\n\t<meta property=\"og:image:type\" content=\"image\/png\" \/>\n<meta name=\"twitter:card\" content=\"summary_large_image\" \/>\n<meta name=\"twitter:label1\" content=\"Estimated reading time\" \/>\n\t<meta name=\"twitter:data1\" content=\"2 minutes\" \/>\n<script type=\"application\/ld+json\" class=\"yoast-schema-graph\">{\"@context\":\"https:\\\/\\\/schema.org\",\"@graph\":[{\"@type\":\"Article\",\"@id\":\"https:\\\/\\\/screenable.io\\\/impressum\\\/#article\",\"isPartOf\":{\"@id\":\"https:\\\/\\\/screenable.io\\\/impressum\\\/\"},\"author\":{\"name\":\"Philipp Spieck\",\"@id\":\"https:\\\/\\\/screenable.io\\\/#\\\/schema\\\/person\\\/beaa2de3fef36756739ff13e4655c127\"},\"headline\":\"Impressum\",\"datePublished\":\"2020-02-10T12:25:26+00:00\",\"dateModified\":\"2026-04-01T08:39:27+00:00\",\"mainEntityOfPage\":{\"@id\":\"https:\\\/\\\/screenable.io\\\/impressum\\\/\"},\"wordCount\":365,\"publisher\":{\"@id\":\"https:\\\/\\\/screenable.io\\\/#organization\"},\"inLanguage\":\"en-GB\"},{\"@type\":\"WebPage\",\"@id\":\"https:\\\/\\\/screenable.io\\\/impressum\\\/\",\"url\":\"https:\\\/\\\/screenable.io\\\/impressum\\\/\",\"name\":\"Impressum\",\"isPartOf\":{\"@id\":\"https:\\\/\\\/screenable.io\\\/#website\"},\"datePublished\":\"2020-02-10T12:25:26+00:00\",\"dateModified\":\"2026-04-01T08:39:27+00:00\",\"description\":\"Das Impressum von Screenable\",\"breadcrumb\":{\"@id\":\"https:\\\/\\\/screenable.io\\\/impressum\\\/#breadcrumb\"},\"inLanguage\":\"en-GB\",\"potentialAction\":[{\"@type\":\"ReadAction\",\"target\":[\"https:\\\/\\\/screenable.io\\\/impressum\\\/\"]}]},{\"@type\":\"BreadcrumbList\",\"@id\":\"https:\\\/\\\/screenable.io\\\/impressum\\\/#breadcrumb\",\"itemListElement\":[{\"@type\":\"ListItem\",\"position\":1,\"name\":\"Startseite\",\"item\":\"https:\\\/\\\/screenable.io\\\/\"},{\"@type\":\"ListItem\",\"position\":2,\"name\":\"Impressum\"}]},{\"@type\":\"WebSite\",\"@id\":\"https:\\\/\\\/screenable.io\\\/#website\",\"url\":\"https:\\\/\\\/screenable.io\\\/\",\"name\":\"Screenable\",\"description\":\"Menschen spielerisch erreichen\",\"publisher\":{\"@id\":\"https:\\\/\\\/screenable.io\\\/#organization\"},\"potentialAction\":[{\"@type\":\"SearchAction\",\"target\":{\"@type\":\"EntryPoint\",\"urlTemplate\":\"https:\\\/\\\/screenable.io\\\/?s={search_term_string}\"},\"query-input\":{\"@type\":\"PropertyValueSpecification\",\"valueRequired\":true,\"valueName\":\"search_term_string\"}}],\"inLanguage\":\"en-GB\"},{\"@type\":\"Organization\",\"@id\":\"https:\\\/\\\/screenable.io\\\/#organization\",\"name\":\"Screenable\",\"alternateName\":\"Interactive out of Home\",\"url\":\"https:\\\/\\\/screenable.io\\\/\",\"logo\":{\"@type\":\"ImageObject\",\"inLanguage\":\"en-GB\",\"@id\":\"https:\\\/\\\/screenable.io\\\/#\\\/schema\\\/logo\\\/image\\\/\",\"url\":\"https:\\\/\\\/screenable.io\\\/wp-content\\\/uploads\\\/2020\\\/08\\\/Screenable_Favicon.jpg\",\"contentUrl\":\"https:\\\/\\\/screenable.io\\\/wp-content\\\/uploads\\\/2020\\\/08\\\/Screenable_Favicon.jpg\",\"width\":889,\"height\":889,\"caption\":\"Screenable\"},\"image\":{\"@id\":\"https:\\\/\\\/screenable.io\\\/#\\\/schema\\\/logo\\\/image\\\/\"}},{\"@type\":\"Person\",\"@id\":\"https:\\\/\\\/screenable.io\\\/#\\\/schema\\\/person\\\/beaa2de3fef36756739ff13e4655c127\",\"name\":\"Philipp Spieck\",\"image\":{\"@type\":\"ImageObject\",\"inLanguage\":\"en-GB\",\"@id\":\"https:\\\/\\\/secure.gravatar.com\\\/avatar\\\/f4d3fcb574cb401eb191d055dc552ba43ad414f34afc43b5fefcd4cf3e8fa71e?s=96&d=mm&r=g\",\"url\":\"https:\\\/\\\/secure.gravatar.com\\\/avatar\\\/f4d3fcb574cb401eb191d055dc552ba43ad414f34afc43b5fefcd4cf3e8fa71e?s=96&d=mm&r=g\",\"contentUrl\":\"https:\\\/\\\/secure.gravatar.com\\\/avatar\\\/f4d3fcb574cb401eb191d055dc552ba43ad414f34afc43b5fefcd4cf3e8fa71e?s=96&d=mm&r=g\",\"caption\":\"Philipp Spieck\"}}]}<\/script>\n<!-- \/ Yoast SEO plugin. -->","yoast_head_json":{"title":"Imprint","description":"Das Impressum von Screenable","robots":{"index":"noindex","follow":"nofollow"},"og_locale":"en_GB","og_type":"article","og_title":"Impressum","og_description":"Das Impressum von Screenable","og_url":"https:\/\/screenable.io\/en\/impressum\/","og_site_name":"Screenable: Live-Marketing Games","article_modified_time":"2026-04-01T08:39:27+00:00","og_image":[{"width":600,"height":73,"url":"https:\/\/screenable.io\/wp-content\/uploads\/2020\/05\/Screenable_logo.png","type":"image\/png"}],"twitter_card":"summary_large_image","twitter_misc":{"Estimated reading time":"2 minutes"},"schema":{"@context":"https:\/\/schema.org","@graph":[{"@type":"Article","@id":"https:\/\/screenable.io\/impressum\/#article","isPartOf":{"@id":"https:\/\/screenable.io\/impressum\/"},"author":{"name":"Philipp Spieck","@id":"https:\/\/screenable.io\/#\/schema\/person\/beaa2de3fef36756739ff13e4655c127"},"headline":"Impressum","datePublished":"2020-02-10T12:25:26+00:00","dateModified":"2026-04-01T08:39:27+00:00","mainEntityOfPage":{"@id":"https:\/\/screenable.io\/impressum\/"},"wordCount":365,"publisher":{"@id":"https:\/\/screenable.io\/#organization"},"inLanguage":"en-GB"},{"@type":"WebPage","@id":"https:\/\/screenable.io\/impressum\/","url":"https:\/\/screenable.io\/impressum\/","name":"Imprint","isPartOf":{"@id":"https:\/\/screenable.io\/#website"},"datePublished":"2020-02-10T12:25:26+00:00","dateModified":"2026-04-01T08:39:27+00:00","description":"Das Impressum von Screenable","breadcrumb":{"@id":"https:\/\/screenable.io\/impressum\/#breadcrumb"},"inLanguage":"en-GB","potentialAction":[{"@type":"ReadAction","target":["https:\/\/screenable.io\/impressum\/"]}]},{"@type":"BreadcrumbList","@id":"https:\/\/screenable.io\/impressum\/#breadcrumb","itemListElement":[{"@type":"ListItem","position":1,"name":"Startseite","item":"https:\/\/screenable.io\/"},{"@type":"ListItem","position":2,"name":"Impressum"}]},{"@type":"WebSite","@id":"https:\/\/screenable.io\/#website","url":"https:\/\/screenable.io\/","name":"Screenable","description":"Reaching people through play","publisher":{"@id":"https:\/\/screenable.io\/#organization"},"potentialAction":[{"@type":"SearchAction","target":{"@type":"EntryPoint","urlTemplate":"https:\/\/screenable.io\/?s={search_term_string}"},"query-input":{"@type":"PropertyValueSpecification","valueRequired":true,"valueName":"search_term_string"}}],"inLanguage":"en-GB"},{"@type":"Organization","@id":"https:\/\/screenable.io\/#organization","name":"Screenable","alternateName":"Interactive out of Home","url":"https:\/\/screenable.io\/","logo":{"@type":"ImageObject","inLanguage":"en-GB","@id":"https:\/\/screenable.io\/#\/schema\/logo\/image\/","url":"https:\/\/screenable.io\/wp-content\/uploads\/2020\/08\/Screenable_Favicon.jpg","contentUrl":"https:\/\/screenable.io\/wp-content\/uploads\/2020\/08\/Screenable_Favicon.jpg","width":889,"height":889,"caption":"Screenable"},"image":{"@id":"https:\/\/screenable.io\/#\/schema\/logo\/image\/"}},{"@type":"Person","@id":"https:\/\/screenable.io\/#\/schema\/person\/beaa2de3fef36756739ff13e4655c127","name":"Philipp Spieck","image":{"@type":"ImageObject","inLanguage":"en-GB","@id":"https:\/\/secure.gravatar.com\/avatar\/f4d3fcb574cb401eb191d055dc552ba43ad414f34afc43b5fefcd4cf3e8fa71e?s=96&d=mm&r=g","url":"https:\/\/secure.gravatar.com\/avatar\/f4d3fcb574cb401eb191d055dc552ba43ad414f34afc43b5fefcd4cf3e8fa71e?s=96&d=mm&r=g","contentUrl":"https:\/\/secure.gravatar.com\/avatar\/f4d3fcb574cb401eb191d055dc552ba43ad414f34afc43b5fefcd4cf3e8fa71e?s=96&d=mm&r=g","caption":"Philipp Spieck"}}]}},"_links":{"self":[{"href":"https:\/\/screenable.io\/en\/wp-json\/wp\/v2\/pages\/25751","targetHints":{"allow":["GET"]}}],"collection":[{"href":"https:\/\/screenable.io\/en\/wp-json\/wp\/v2\/pages"}],"about":[{"href":"https:\/\/screenable.io\/en\/wp-json\/wp\/v2\/types\/page"}],"author":[{"embeddable":true,"href":"https:\/\/screenable.io\/en\/wp-json\/wp\/v2\/users\/2"}],"replies":[{"embeddable":true,"href":"https:\/\/screenable.io\/en\/wp-json\/wp\/v2\/comments?post=25751"}],"version-history":[{"count":22,"href":"https:\/\/screenable.io\/en\/wp-json\/wp\/v2\/pages\/25751\/revisions"}],"predecessor-version":[{"id":35462,"href":"https:\/\/screenable.io\/en\/wp-json\/wp\/v2\/pages\/25751\/revisions\/35462"}],"wp:attachment":[{"href":"https:\/\/screenable.io\/en\/wp-json\/wp\/v2\/media?parent=25751"}],"curies":[{"name":"wp","href":"https:\/\/api.w.org\/{rel}","templated":true}]}}