{"id":30368,"date":"2022-11-07T10:32:27","date_gmt":"2022-11-07T09:32:27","guid":{"rendered":"https:\/\/screenable.io\/?page_id=30368"},"modified":"2023-12-20T16:35:49","modified_gmt":"2023-12-20T15:35:49","slug":"agb","status":"publish","type":"page","link":"https:\/\/screenable.io\/en\/agb\/","title":{"rendered":"Allgemeine Gesch\u00e4ftsbedingungen"},"content":{"rendered":"<div class=\"wpb-content-wrapper\"><div id=\"vc_row-69e59d7a048e1\" class=\"vc_row wpb_row vc_row-fluid thegem-custom-69e59d7a048936527\"><div class=\"wpb_column vc_column_container vc_col-sm-12 thegem-custom-69e59d7a04cfe7611\" ><div class=\"vc_column-inner thegem-custom-inner-69e59d7a04d00\"><div class=\"wpb_wrapper thegem-custom-69e59d7a04cfe7611\">\r\n\t\r\n\t\t<div class=\"wpb_text_column wpb_content_element  thegem-vc-text thegem-custom-69e59d7a04ff03775\"  >\r\n\t\t\t<div class=\"wpb_wrapper\">\r\n\t\t\t\t<h1 class=\"vc-heading heading--&#96;{&#96;object Object&#96;}&#96; font-color--&#96;{&#96;object Object&#96;}&#96;\" style=\"text-align: center;\">Allgemeine Gesch\u00e4ftsbedingungen<\/h1>\n\r\n\t\t\t<\/div>\r\n\t\t\t<style>@media screen and (max-width: 1023px) {.thegem-vc-text.thegem-custom-69e59d7a04ff03775{display: block!important;}}@media screen and (max-width: 767px) {.thegem-vc-text.thegem-custom-69e59d7a04ff03775{display: block!important;}}@media screen and (max-width: 1023px) {.thegem-vc-text.thegem-custom-69e59d7a04ff03775{position: relative !important;}}@media screen and (max-width: 767px) {.thegem-vc-text.thegem-custom-69e59d7a04ff03775{position: relative !important;}}<\/style>\r\n\t\t<\/div>\r\n\t\r\n\r\n\t\r\n\t\t<div class=\"wpb_text_column wpb_content_element  thegem-vc-text thegem-custom-69e59d7a0514b7929\"  >\r\n\t\t\t<div class=\"wpb_wrapper\">\r\n\t\t\t\t<div class=\"styled-subtitle\" style=\"text-align: center;\">Screenable GmbH<\/div>\n\r\n\t\t\t<\/div>\r\n\t\t\t<style>@media screen and (max-width: 1023px) {.thegem-vc-text.thegem-custom-69e59d7a0514b7929{display: block!important;}}@media screen and (max-width: 767px) {.thegem-vc-text.thegem-custom-69e59d7a0514b7929{display: block!important;}}@media screen and (max-width: 1023px) {.thegem-vc-text.thegem-custom-69e59d7a0514b7929{position: relative !important;}}@media screen and (max-width: 767px) {.thegem-vc-text.thegem-custom-69e59d7a0514b7929{position: relative !important;}}<\/style>\r\n\t\t<\/div>\r\n\t\r\n<div class=\"vc_empty_space\"   style=\"height: 50px\"><span class=\"vc_empty_space_inner\"><\/span><\/div>\r\n\t\r\n\t\t<div class=\"wpb_text_column wpb_content_element  thegem-vc-text thegem-custom-69e59d7a05374319\"  >\r\n\t\t\t<div class=\"wpb_wrapper\">\r\n\t\t\t\t<h4>1. Vertragsgegenstand<\/h4>\n<p>Abh\u00e4ngig vom Vertragstyp: Interaktives Projekt, Hardware, Promotion, Medienpaket, Servicevertrag.<br \/>\nDie genaue Spezifikation ergibt sich aus der Vereinbarung zwischen den Parteien, welche in detaillierter Ausf\u00fchrung in der Auftragsbest\u00e4tigung und\/oder der Rechnung formuliert sind.<\/p>\n<h4>2. Preis<\/h4>\n<p>Der Preis zuz\u00fcglich der gesetzlichen Mehrwertsteuer ist der Auftragsbest\u00e4tigung und\/oder der Rechnung zu entnehmen.<\/p>\n<h4>3. Zahlung<\/h4>\n<p>Es gilt die Zahlungsbedingung 14T netto, die in der Auftragsbest\u00e4tigung und\/oder der Rechnung einzusehen ist.<\/p>\n<h4>4. Lieferung<\/h4>\n<p>Die Bereitstellung des Vertragsgegenstands, sofern Hardware enthalten sind, erfolgt sp\u00e4testens am Tag der Nutzung mit einer Mindestvorlaufzeit von einer Stunde.<br \/>\nEs gilt die Lieferbedingung, die in der Auftragsbest\u00e4tigung und\/oder der Rechnung einzusehen ist.<\/p>\n<h4>5. Eigentumsvorbehalt<\/h4>\n<p>Das Eigentum geht nur bei vollst\u00e4ndigem Kauf an den Kunden \u00fcber.<br \/>\nBei einer Miet- und\/oder Servicevereinbarung bleibt das vollst\u00e4ndige Eigentum am Vertragsgegenstand bei screenable.<\/p>\n<h4>6. Bereitstellungsdauer: &#8222;Interaktives Projekt&#8220;<\/h4>\n<p>Der Vertragsgegenstand &#8222;Interaktives Projekt&#8220; wird in Form einer URL, sofern vertraglich nicht anders definiert, f\u00fcr zw\u00f6lf Monate bereitgestellt.<\/p>\n<h4>7. Vertragsdauer: &#8222;Servicevertrag&#8220;<\/h4>\n<p>Der Servicevertrag wird f\u00fcr die Dauer der vereinbarten Mietlaufzeit fest abgeschlossen (sog. Grundlaufzeit).<br \/>\nNach Ablauf der Grundlaufzeit verl\u00e4ngert sich der Vertrag automatisch um jeweils einen Monat, sofern er nicht zuvor unter Einhaltung einer Frist von einem Monat zum Ende der Grundlaufzeit des jeweiligen Verl\u00e4ngerungszeitraums gek\u00fcndigt wird.<br \/>\nFalls keine Grundlaufzeit abgestimmt wurde, beinhaltet der Vertragsgegenstand eine Verf\u00fcgbarkeit von zw\u00f6lf Monaten.<\/p>\n<h4>8. Sicherheits- und Datenschutzvorgaben<\/h4>\n<p>Es gelten unsere allgemeing\u00fcltigen Sicherheits- und Datenschutzvorgaben.<br \/>\nDiese sind auf der Homepage von screenable unter folgenden Link einzusehen: <a href=\"https:\/\/screenable.io\/en\/datenschutz\/\">https:\/\/screenable.io\/datenschutz\/<\/a><\/p>\n<h4>9. Vertrags\u00e4nderungen<\/h4>\n<p>\u00c4nderungen und Erg\u00e4nzungen dieses Vertrags bed\u00fcrfen der Schriftform.<br \/>\nNachtr\u00e4ge sind nur in besonderen Situationsver\u00e4nderungen zul\u00e4ssig.<\/p>\n<h4>10. K\u00fcndigung<\/h4>\n<p>Die K\u00fcndigung bedarf der Textform.<br \/>\nEs besteht nur die M\u00f6glichkeit der ordentlichen K\u00fcndigung. \u201eBesseres Angebot\u201c ist kein hinreichender Grund f\u00fcr eine fristlose K\u00fcndigung.<\/p>\n<h4>11. Sonderk\u00fcndigungsrecht<\/h4>\n<p>Der Vertrag kann von jeder Partei gek\u00fcndigt werden, wenn ein wichtiger Grund dies rechtfertigt.<br \/>\nEin wichtiger Grund, der zur fristlosen K\u00fcndigung berechtigt ist gegeben, wenn:<br \/>\n\u2022 die Zahlungsunf\u00e4higkeit des Kundens droht oder eintritt<br \/>\n\u2022 der Kunde seine vertraglichen Pflichten trotz Abmahnung wiederholt verletzt<br \/>\n\u2022 eine widerrechtliche und\/oder missbr\u00e4uchliche Nutzung durch den Kunden festzustellen ist.<\/p>\n<h4>12. Vertragsstrafen<\/h4>\n<p>Ein Schadenersatz bei einer etwaigen Vertragsverletzung muss im Verh\u00e4ltnis zur befindlichen Sache stehen.<\/p>\n<h4>13. Gew\u00e4hrleistung, M\u00e4ngelanspr\u00fcche<\/h4>\n<p>Es wird eine gesetzliche Gew\u00e4hrleistungspflicht von 24 Monaten einger\u00e4umt.<br \/>\nAusschluss der Verantwortlichkeit:<br \/>\n\u2022 h\u00f6here Gewalt<br \/>\n\u2022 M\u00e4ngel, die durch den Kunden, dessen Personal oder Dritte zur\u00fcckzuf\u00fchren sind, respektive nicht rechtzeitig (gem. \u00a7 377 HBG) angezeigt wurden.<br \/>\nWird in diesem Fall die St\u00f6rung bzw. der Mangel durch screenable beseitigt , sind die damit zusammenh\u00e4ngenden Kosten nach den \u00fcblichen Verg\u00fctungss\u00e4tzen von screenable zu erstatten.<\/p>\n<h4>14. Vertragssprache, anwendbares Recht<\/h4>\n<p>Die Vertragssprache ist die deutsche Sprache.<br \/>\nEs wird das deutsche Recht angewendet.<\/p>\n<h4>15. Salvatorische Klausel<\/h4>\n<p>Eine etwaige Unwirksamkeit einzelner Vertragsbestimmungen ber\u00fchrt die Wirksamkeit der \u00fcbrigen Bestimmungen nicht.<\/p>\n\r\n\t\t\t<\/div>\r\n\t\t\t<style>@media screen and (max-width: 1023px) {.thegem-vc-text.thegem-custom-69e59d7a05374319{display: block!important;}}@media screen and (max-width: 767px) {.thegem-vc-text.thegem-custom-69e59d7a05374319{display: block!important;}}@media screen and (max-width: 1023px) {.thegem-vc-text.thegem-custom-69e59d7a05374319{position: relative !important;}}@media screen and (max-width: 767px) {.thegem-vc-text.thegem-custom-69e59d7a05374319{position: relative !important;}}<\/style>\r\n\t\t<\/div>\r\n\t\r\n<\/div><\/div><\/div><\/div>\n<\/div>","protected":false},"excerpt":{"rendered":"","protected":false},"author":2,"featured_media":0,"parent":0,"menu_order":50,"comment_status":"closed","ping_status":"closed","template":"","meta":{"footnotes":""},"class_list":["post-30368","page","type-page","status-publish"],"yoast_head":"<!-- This site is optimized with the Yoast SEO plugin v27.4 - https:\/\/yoast.com\/product\/yoast-seo-wordpress\/ -->\n<title>Allgemeine Gesch\u00e4ftsbedingungen<\/title>\n<meta name=\"description\" content=\"Die allgemeinen Gesch\u00e4ftsbedingungen von Screenable\" \/>\n<meta name=\"robots\" content=\"noindex, follow\" \/>\n<meta property=\"og:locale\" content=\"en_GB\" \/>\n<meta property=\"og:type\" content=\"article\" \/>\n<meta property=\"og:title\" content=\"Allgemeine Gesch\u00e4ftsbedingungen\" \/>\n<meta property=\"og:description\" content=\"Die allgemeinen Gesch\u00e4ftsbedingungen von Screenable\" \/>\n<meta property=\"og:url\" content=\"https:\/\/screenable.io\/en\/agb\/\" \/>\n<meta property=\"og:site_name\" content=\"Screenable: Live-Marketing Games\" \/>\n<meta property=\"article:modified_time\" content=\"2023-12-20T15:35:49+00:00\" \/>\n<meta property=\"og:image\" content=\"https:\/\/screenable.io\/wp-content\/uploads\/2020\/05\/Screenable_logo.png\" \/>\n\t<meta property=\"og:image:width\" content=\"600\" \/>\n\t<meta property=\"og:image:height\" content=\"73\" \/>\n\t<meta property=\"og:image:type\" content=\"image\/png\" \/>\n<meta name=\"twitter:card\" content=\"summary_large_image\" \/>\n<meta name=\"twitter:label1\" content=\"Estimated reading time\" \/>\n\t<meta name=\"twitter:data1\" content=\"3 minutes\" \/>\n<script type=\"application\/ld+json\" class=\"yoast-schema-graph\">{\"@context\":\"https:\\\/\\\/schema.org\",\"@graph\":[{\"@type\":\"Article\",\"@id\":\"https:\\\/\\\/screenable.io\\\/agb\\\/#article\",\"isPartOf\":{\"@id\":\"https:\\\/\\\/screenable.io\\\/agb\\\/\"},\"author\":{\"name\":\"Philipp Spieck\",\"@id\":\"https:\\\/\\\/screenable.io\\\/#\\\/schema\\\/person\\\/beaa2de3fef36756739ff13e4655c127\"},\"headline\":\"Allgemeine Gesch\u00e4ftsbedingungen\",\"datePublished\":\"2022-11-07T09:32:27+00:00\",\"dateModified\":\"2023-12-20T15:35:49+00:00\",\"mainEntityOfPage\":{\"@id\":\"https:\\\/\\\/screenable.io\\\/agb\\\/\"},\"wordCount\":518,\"publisher\":{\"@id\":\"https:\\\/\\\/screenable.io\\\/#organization\"},\"inLanguage\":\"en-GB\"},{\"@type\":\"WebPage\",\"@id\":\"https:\\\/\\\/screenable.io\\\/agb\\\/\",\"url\":\"https:\\\/\\\/screenable.io\\\/agb\\\/\",\"name\":\"Allgemeine Gesch\u00e4ftsbedingungen\",\"isPartOf\":{\"@id\":\"https:\\\/\\\/screenable.io\\\/#website\"},\"datePublished\":\"2022-11-07T09:32:27+00:00\",\"dateModified\":\"2023-12-20T15:35:49+00:00\",\"description\":\"Die allgemeinen Gesch\u00e4ftsbedingungen von Screenable\",\"breadcrumb\":{\"@id\":\"https:\\\/\\\/screenable.io\\\/agb\\\/#breadcrumb\"},\"inLanguage\":\"en-GB\",\"potentialAction\":[{\"@type\":\"ReadAction\",\"target\":[\"https:\\\/\\\/screenable.io\\\/agb\\\/\"]}]},{\"@type\":\"BreadcrumbList\",\"@id\":\"https:\\\/\\\/screenable.io\\\/agb\\\/#breadcrumb\",\"itemListElement\":[{\"@type\":\"ListItem\",\"position\":1,\"name\":\"Startseite\",\"item\":\"https:\\\/\\\/screenable.io\\\/\"},{\"@type\":\"ListItem\",\"position\":2,\"name\":\"Allgemeine Gesch\u00e4ftsbedingungen\"}]},{\"@type\":\"WebSite\",\"@id\":\"https:\\\/\\\/screenable.io\\\/#website\",\"url\":\"https:\\\/\\\/screenable.io\\\/\",\"name\":\"Screenable\",\"description\":\"Menschen spielerisch erreichen\",\"publisher\":{\"@id\":\"https:\\\/\\\/screenable.io\\\/#organization\"},\"potentialAction\":[{\"@type\":\"SearchAction\",\"target\":{\"@type\":\"EntryPoint\",\"urlTemplate\":\"https:\\\/\\\/screenable.io\\\/?s={search_term_string}\"},\"query-input\":{\"@type\":\"PropertyValueSpecification\",\"valueRequired\":true,\"valueName\":\"search_term_string\"}}],\"inLanguage\":\"en-GB\"},{\"@type\":\"Organization\",\"@id\":\"https:\\\/\\\/screenable.io\\\/#organization\",\"name\":\"Screenable\",\"alternateName\":\"Interactive out of Home\",\"url\":\"https:\\\/\\\/screenable.io\\\/\",\"logo\":{\"@type\":\"ImageObject\",\"inLanguage\":\"en-GB\",\"@id\":\"https:\\\/\\\/screenable.io\\\/#\\\/schema\\\/logo\\\/image\\\/\",\"url\":\"https:\\\/\\\/screenable.io\\\/wp-content\\\/uploads\\\/2020\\\/08\\\/Screenable_Favicon.jpg\",\"contentUrl\":\"https:\\\/\\\/screenable.io\\\/wp-content\\\/uploads\\\/2020\\\/08\\\/Screenable_Favicon.jpg\",\"width\":889,\"height\":889,\"caption\":\"Screenable\"},\"image\":{\"@id\":\"https:\\\/\\\/screenable.io\\\/#\\\/schema\\\/logo\\\/image\\\/\"}},{\"@type\":\"Person\",\"@id\":\"https:\\\/\\\/screenable.io\\\/#\\\/schema\\\/person\\\/beaa2de3fef36756739ff13e4655c127\",\"name\":\"Philipp Spieck\",\"image\":{\"@type\":\"ImageObject\",\"inLanguage\":\"en-GB\",\"@id\":\"https:\\\/\\\/secure.gravatar.com\\\/avatar\\\/f4d3fcb574cb401eb191d055dc552ba43ad414f34afc43b5fefcd4cf3e8fa71e?s=96&d=mm&r=g\",\"url\":\"https:\\\/\\\/secure.gravatar.com\\\/avatar\\\/f4d3fcb574cb401eb191d055dc552ba43ad414f34afc43b5fefcd4cf3e8fa71e?s=96&d=mm&r=g\",\"contentUrl\":\"https:\\\/\\\/secure.gravatar.com\\\/avatar\\\/f4d3fcb574cb401eb191d055dc552ba43ad414f34afc43b5fefcd4cf3e8fa71e?s=96&d=mm&r=g\",\"caption\":\"Philipp Spieck\"}}]}<\/script>\n<!-- \/ Yoast SEO plugin. -->","yoast_head_json":{"title":"Allgemeine Gesch\u00e4ftsbedingungen","description":"Die allgemeinen Gesch\u00e4ftsbedingungen von Screenable","robots":{"index":"noindex","follow":"follow"},"og_locale":"en_GB","og_type":"article","og_title":"Allgemeine Gesch\u00e4ftsbedingungen","og_description":"Die allgemeinen Gesch\u00e4ftsbedingungen von Screenable","og_url":"https:\/\/screenable.io\/en\/agb\/","og_site_name":"Screenable: Live-Marketing Games","article_modified_time":"2023-12-20T15:35:49+00:00","og_image":[{"width":600,"height":73,"url":"https:\/\/screenable.io\/wp-content\/uploads\/2020\/05\/Screenable_logo.png","type":"image\/png"}],"twitter_card":"summary_large_image","twitter_misc":{"Estimated reading time":"3 minutes"},"schema":{"@context":"https:\/\/schema.org","@graph":[{"@type":"Article","@id":"https:\/\/screenable.io\/agb\/#article","isPartOf":{"@id":"https:\/\/screenable.io\/agb\/"},"author":{"name":"Philipp Spieck","@id":"https:\/\/screenable.io\/#\/schema\/person\/beaa2de3fef36756739ff13e4655c127"},"headline":"Allgemeine Gesch\u00e4ftsbedingungen","datePublished":"2022-11-07T09:32:27+00:00","dateModified":"2023-12-20T15:35:49+00:00","mainEntityOfPage":{"@id":"https:\/\/screenable.io\/agb\/"},"wordCount":518,"publisher":{"@id":"https:\/\/screenable.io\/#organization"},"inLanguage":"en-GB"},{"@type":"WebPage","@id":"https:\/\/screenable.io\/agb\/","url":"https:\/\/screenable.io\/agb\/","name":"Allgemeine Gesch\u00e4ftsbedingungen","isPartOf":{"@id":"https:\/\/screenable.io\/#website"},"datePublished":"2022-11-07T09:32:27+00:00","dateModified":"2023-12-20T15:35:49+00:00","description":"Die allgemeinen Gesch\u00e4ftsbedingungen von Screenable","breadcrumb":{"@id":"https:\/\/screenable.io\/agb\/#breadcrumb"},"inLanguage":"en-GB","potentialAction":[{"@type":"ReadAction","target":["https:\/\/screenable.io\/agb\/"]}]},{"@type":"BreadcrumbList","@id":"https:\/\/screenable.io\/agb\/#breadcrumb","itemListElement":[{"@type":"ListItem","position":1,"name":"Startseite","item":"https:\/\/screenable.io\/"},{"@type":"ListItem","position":2,"name":"Allgemeine Gesch\u00e4ftsbedingungen"}]},{"@type":"WebSite","@id":"https:\/\/screenable.io\/#website","url":"https:\/\/screenable.io\/","name":"Screenable","description":"Reaching people through play","publisher":{"@id":"https:\/\/screenable.io\/#organization"},"potentialAction":[{"@type":"SearchAction","target":{"@type":"EntryPoint","urlTemplate":"https:\/\/screenable.io\/?s={search_term_string}"},"query-input":{"@type":"PropertyValueSpecification","valueRequired":true,"valueName":"search_term_string"}}],"inLanguage":"en-GB"},{"@type":"Organization","@id":"https:\/\/screenable.io\/#organization","name":"Screenable","alternateName":"Interactive out of Home","url":"https:\/\/screenable.io\/","logo":{"@type":"ImageObject","inLanguage":"en-GB","@id":"https:\/\/screenable.io\/#\/schema\/logo\/image\/","url":"https:\/\/screenable.io\/wp-content\/uploads\/2020\/08\/Screenable_Favicon.jpg","contentUrl":"https:\/\/screenable.io\/wp-content\/uploads\/2020\/08\/Screenable_Favicon.jpg","width":889,"height":889,"caption":"Screenable"},"image":{"@id":"https:\/\/screenable.io\/#\/schema\/logo\/image\/"}},{"@type":"Person","@id":"https:\/\/screenable.io\/#\/schema\/person\/beaa2de3fef36756739ff13e4655c127","name":"Philipp Spieck","image":{"@type":"ImageObject","inLanguage":"en-GB","@id":"https:\/\/secure.gravatar.com\/avatar\/f4d3fcb574cb401eb191d055dc552ba43ad414f34afc43b5fefcd4cf3e8fa71e?s=96&d=mm&r=g","url":"https:\/\/secure.gravatar.com\/avatar\/f4d3fcb574cb401eb191d055dc552ba43ad414f34afc43b5fefcd4cf3e8fa71e?s=96&d=mm&r=g","contentUrl":"https:\/\/secure.gravatar.com\/avatar\/f4d3fcb574cb401eb191d055dc552ba43ad414f34afc43b5fefcd4cf3e8fa71e?s=96&d=mm&r=g","caption":"Philipp Spieck"}}]}},"_links":{"self":[{"href":"https:\/\/screenable.io\/en\/wp-json\/wp\/v2\/pages\/30368","targetHints":{"allow":["GET"]}}],"collection":[{"href":"https:\/\/screenable.io\/en\/wp-json\/wp\/v2\/pages"}],"about":[{"href":"https:\/\/screenable.io\/en\/wp-json\/wp\/v2\/types\/page"}],"author":[{"embeddable":true,"href":"https:\/\/screenable.io\/en\/wp-json\/wp\/v2\/users\/2"}],"replies":[{"embeddable":true,"href":"https:\/\/screenable.io\/en\/wp-json\/wp\/v2\/comments?post=30368"}],"version-history":[{"count":13,"href":"https:\/\/screenable.io\/en\/wp-json\/wp\/v2\/pages\/30368\/revisions"}],"predecessor-version":[{"id":31108,"href":"https:\/\/screenable.io\/en\/wp-json\/wp\/v2\/pages\/30368\/revisions\/31108"}],"wp:attachment":[{"href":"https:\/\/screenable.io\/en\/wp-json\/wp\/v2\/media?parent=30368"}],"curies":[{"name":"wp","href":"https:\/\/api.w.org\/{rel}","templated":true}]}}