{"id":33615,"date":"2024-05-14T14:00:15","date_gmt":"2024-05-14T12:00:15","guid":{"rendered":"https:\/\/screenable.io\/?page_id=33615"},"modified":"2025-07-22T14:41:56","modified_gmt":"2025-07-22T12:41:56","slug":"gamesfoerderung","status":"publish","type":"page","link":"https:\/\/screenable.io\/en\/blog\/gamesfoerderung\/","title":{"rendered":"Screenable wird gef\u00f6rdert!"},"content":{"rendered":"<div class=\"wpb-content-wrapper\"><div id=\"vc_row-69e5a24f4827f\" class=\"vc_row wpb_row vc_row-fluid vc_custom_1753188113880 thegem-custom-69e5a24f482043460\"><div class=\"wpb_column vc_column_container vc_col-sm-12 thegem-custom-69e5a24f4891f5782\" ><div class=\"vc_column-inner thegem-custom-inner-69e5a24f48923\"><div class=\"wpb_wrapper thegem-custom-69e5a24f4891f5782\">\r\n\t\r\n\t\t<div class=\"wpb_text_column wpb_content_element  thegem-vc-text thegem-custom-69e5a24f48e095566\"  >\r\n\t\t\t<div class=\"wpb_wrapper\">\r\n\t\t\t\t<h1 style=\"text-align: center;\">Screenable wird gef\u00f6rdert!<\/h1>\n\r\n\t\t\t<\/div>\r\n\t\t\t<style>@media screen and (max-width: 1023px) {.thegem-vc-text.thegem-custom-69e5a24f48e095566{display: block!important;}}@media screen and (max-width: 767px) {.thegem-vc-text.thegem-custom-69e5a24f48e095566{display: block!important;}}@media screen and (max-width: 1023px) {.thegem-vc-text.thegem-custom-69e5a24f48e095566{position: relative !important;}}@media screen and (max-width: 767px) {.thegem-vc-text.thegem-custom-69e5a24f48e095566{position: relative !important;}}<\/style>\r\n\t\t<\/div>\r\n\t\r\n\r\n\t\r\n\t\t<div class=\"wpb_text_column wpb_content_element  thegem-vc-text thegem-custom-69e5a24f4904c8987\"  >\r\n\t\t\t<div class=\"wpb_wrapper\">\r\n\t\t\t\t<div style=\"text-align: center;\">Von der Europ\u00e4ischen Union und der Landesregierung Schleswig-Holstein.<\/div>\n\r\n\t\t\t<\/div>\r\n\t\t\t<style>@media screen and (max-width: 1023px) {.thegem-vc-text.thegem-custom-69e5a24f4904c8987{display: block!important;}}@media screen and (max-width: 767px) {.thegem-vc-text.thegem-custom-69e5a24f4904c8987{display: block!important;}}@media screen and (max-width: 1023px) {.thegem-vc-text.thegem-custom-69e5a24f4904c8987{position: relative !important;}}@media screen and (max-width: 767px) {.thegem-vc-text.thegem-custom-69e5a24f4904c8987{position: relative !important;}}<\/style>\r\n\t\t<\/div>\r\n\t\r\n<\/div><\/div><\/div><\/div><div id=\"vc_row-69e5a24f49561\" class=\"vc_row wpb_row vc_row-fluid thegem-custom-69e5a24f495537545 vc_row-o-content-middle vc_row-flex\"><div class=\"wpb_column vc_column_container vc_col-sm-8 thegem-custom-69e5a24f49afb4025\" ><div class=\"vc_column-inner thegem-custom-inner-69e5a24f49afe\"><div class=\"wpb_wrapper thegem-custom-69e5a24f49afb4025\">\r\n\t\r\n\t\t<div class=\"wpb_text_column wpb_content_element  thegem-vc-text thegem-custom-69e5a24f49d493352\"  >\r\n\t\t\t<div class=\"wpb_wrapper\">\r\n\t\t\t\t<h2>Gamification im Schaufenster<\/h2>\n\r\n\t\t\t<\/div>\r\n\t\t\t<style>@media screen and (max-width: 1023px) {.thegem-vc-text.thegem-custom-69e5a24f49d493352{display: block!important;}}@media screen and (max-width: 767px) {.thegem-vc-text.thegem-custom-69e5a24f49d493352{display: block!important;}}@media screen and (max-width: 1023px) {.thegem-vc-text.thegem-custom-69e5a24f49d493352{position: relative !important;}}@media screen and (max-width: 767px) {.thegem-vc-text.thegem-custom-69e5a24f49d493352{position: relative !important;}}<\/style>\r\n\t\t<\/div>\r\n\t\r\n\r\n\t\r\n\t\t<div class=\"wpb_text_column wpb_content_element  thegem-vc-text thegem-custom-69e5a24f49ff03562\"  >\r\n\t\t\t<div class=\"wpb_wrapper\">\r\n\t\t\t\t<div id=\"wpwrap\">\n<div id=\"adminmenumain\" role=\"navigation\" aria-label=\"Hauptmen\u00fc\">\n<p>Gute Neuigkeiten! Screenable wird bei der Erstellung des Spielkonzepts von \u201cStackable\u201d von der Europ\u00e4ischen Union und der Landesregierung Schleswig-Holstein unterst\u00fctzt. Das Spiel bietet ein interaktives Schaufenstererlebnis, welches die Aufmerksamkeit von potentiellen Kund:innen auf das Schaufenster lenkt und die Spieler:innen dazu motiviert, im Anschluss an das Spielerlebnis im Laden des Schaufensters einen Einkauf zu t\u00e4tigen, indem sie sich Vorteile f\u00fcr ihren Einkauf erspielen k\u00f6nnen.<\/p>\n<p>Dabei wird ein Schaufenster oder Leerstand zu einem interaktiven Aktionspunkt, um Passanten beim Spielen zu unterhalten, zum Verweilen einzuladen und mit Gutscheinen auf lokale Angebote hinzuweisen. Das digitale Game im klassischerweise analogen Schaufenster ist ein \u00fcberraschender und unterhaltsamer Zeitvertreib und f\u00fcr alle Passanten nutzbar. \u201cStackable\u201d ist ein Geschicklichkeitsspiel in Form eines Stapelspiels, bei dem sich Objekte am oberen Spielfeldrand in steigenden Geschwindigkeitsstufen hin und her bewegen und m\u00f6glichst standfest \u00fcbereinander platziert werden m\u00fcssen, mit dem Ziel, den h\u00f6chsten Turm zu bauen.<\/p>\n<\/div>\n<\/div>\n\r\n\t\t\t<\/div>\r\n\t\t\t<style>@media screen and (max-width: 1023px) {.thegem-vc-text.thegem-custom-69e5a24f49ff03562{display: block!important;}}@media screen and (max-width: 767px) {.thegem-vc-text.thegem-custom-69e5a24f49ff03562{display: block!important;}}@media screen and (max-width: 1023px) {.thegem-vc-text.thegem-custom-69e5a24f49ff03562{position: relative !important;}}@media screen and (max-width: 767px) {.thegem-vc-text.thegem-custom-69e5a24f49ff03562{position: relative !important;}}<\/style>\r\n\t\t<\/div>\r\n\t\r\n<\/div><\/div><\/div><div class=\"wpb_column vc_column_container vc_col-sm-4 thegem-custom-69e5a24f4a5244847\" ><div class=\"vc_column-inner thegem-custom-inner-69e5a24f4a527\"><div class=\"wpb_wrapper thegem-custom-69e5a24f4a5244847\">\r\n\t\r\n\t<div  class=\"wpb_single_image wpb_content_element vc_align_center\" >\r\n\t\t\r\n\t\t<figure class=\"wpb_wrapper vc_figure\">\r\n\t\t\t<div class=\"vc_single_image-wrapper vc_box_rounded  vc_box_border_grey\"><img width=\"700\" height=\"700\" src=\"https:\/\/screenable.io\/wp-content\/uploads\/2025\/07\/Gamesfoerderung.webp\" class=\"vc_single_image-img attachment-full\" alt=\"\" title=\"Gamesfoerderung\" srcset=\"https:\/\/screenable.io\/wp-content\/uploads\/2025\/07\/Gamesfoerderung.webp 700w, https:\/\/screenable.io\/wp-content\/uploads\/2025\/07\/Gamesfoerderung-140x140.webp 140w, https:\/\/screenable.io\/wp-content\/uploads\/2025\/07\/Gamesfoerderung-300x300.webp 300w, https:\/\/screenable.io\/wp-content\/uploads\/2025\/07\/Gamesfoerderung-150x150.webp 150w, https:\/\/screenable.io\/wp-content\/uploads\/2025\/07\/Gamesfoerderung-12x12.webp 12w, https:\/\/screenable.io\/wp-content\/uploads\/2025\/07\/Gamesfoerderung-256x256.webp 256w\" sizes=\"(max-width: 700px) 100vw, 700px\" \/><\/div>\r\n\t\t<\/figure>\r\n\t<\/div>\r\n\t\r\n<\/div><\/div><\/div><\/div><div id=\"vc_row-69e5a24f4b5a4\" class=\"vc_row wpb_row vc_row-fluid thegem-custom-69e5a24f4b5908382 vc_row-o-content-middle vc_row-flex\"><div class=\"wpb_column vc_column_container vc_col-sm-12 thegem-custom-69e5a24f4bad43782\" ><div class=\"vc_column-inner thegem-custom-inner-69e5a24f4bad8\"><div class=\"wpb_wrapper thegem-custom-69e5a24f4bad43782\">\r\n\t\r\n\t\t<div class=\"wpb_text_column wpb_content_element  thegem-vc-text thegem-custom-69e5a24f4bdd1859\"  >\r\n\t\t\t<div class=\"wpb_wrapper\">\r\n\t\t\t\t<h2>Zukunft beginnt im echten Norden.<\/h2>\n\r\n\t\t\t<\/div>\r\n\t\t\t<style>@media screen and (max-width: 1023px) {.thegem-vc-text.thegem-custom-69e5a24f4bdd1859{display: block!important;}}@media screen and (max-width: 767px) {.thegem-vc-text.thegem-custom-69e5a24f4bdd1859{display: block!important;}}@media screen and (max-width: 1023px) {.thegem-vc-text.thegem-custom-69e5a24f4bdd1859{position: relative !important;}}@media screen and (max-width: 767px) {.thegem-vc-text.thegem-custom-69e5a24f4bdd1859{position: relative !important;}}<\/style>\r\n\t\t<\/div>\r\n\t\r\n\r\n\t\r\n\t\t<div class=\"wpb_text_column wpb_content_element  thegem-vc-text thegem-custom-69e5a24f4bf50193\"  >\r\n\t\t\t<div class=\"wpb_wrapper\">\r\n\t\t\t\t<div id=\"wpwrap\">\n<div id=\"adminmenumain\" role=\"navigation\" aria-label=\"Hauptmen\u00fc\">\n<p>Die &#8222;<a href=\"https:\/\/wtsh.de\/de\/foerderung-von-digitalen-spielen#:~:text=Wie%20hoch%20ist%20der%20Zuschuss,Fonds%20f%C3%BCr%20regionale%20Entwicklung)%20eingesetzt.\"><u>F\u00f6rderung von digitalen Spielen<\/u><\/a>&#8220; hat das Ziel in Schleswig-Holstein bessere Rahmenbedingungen f\u00fcr die Entwicklung von digitalen Spielen zu schaffen und damit zur Leistungsf\u00e4higkeit der Entwicklungs- und Produktionswirtschaft beizutragen, eine vielf\u00e4ltige Kulturlandschaft zu gew\u00e4hrleisten und Innovationen zu unterst\u00fctzen, die Wettbewerbsf\u00e4higkeit der schleswig-holsteinischen Kultur- und Kreativwirtschaft zu st\u00e4rken und damit die Anzahl der Besch\u00e4ftigten und Unternehmen innerhalb der Kultur- und Kreativwirtschaft im Land zu erhalten und langfristig zu erh\u00f6hen.<\/p>\n<\/div>\n<\/div>\n\r\n\t\t\t<\/div>\r\n\t\t\t<style>@media screen and (max-width: 1023px) {.thegem-vc-text.thegem-custom-69e5a24f4bf50193{display: block!important;}}@media screen and (max-width: 767px) {.thegem-vc-text.thegem-custom-69e5a24f4bf50193{display: block!important;}}@media screen and (max-width: 1023px) {.thegem-vc-text.thegem-custom-69e5a24f4bf50193{position: relative !important;}}@media screen and (max-width: 767px) {.thegem-vc-text.thegem-custom-69e5a24f4bf50193{position: relative !important;}}<\/style>\r\n\t\t<\/div>\r\n\t\r\n<div class=\"vc_empty_space\"   style=\"height: 40px\"><span class=\"vc_empty_space_inner\"><\/span><\/div>\r\n\t\r\n\t<div  class=\"wpb_single_image wpb_content_element vc_align_center\" >\r\n\t\t\r\n\t\t<figure class=\"wpb_wrapper vc_figure\">\r\n\t\t\t<div class=\"vc_single_image-wrapper vc_box_rounded  vc_box_border_grey\"><img width=\"300\" height=\"61\" src=\"https:\/\/screenable.io\/wp-content\/uploads\/2025\/07\/Gamesfoerderung_logos-300x61.webp\" class=\"vc_single_image-img attachment-large\" alt=\"\" title=\"Gamesfoerderung_logos\" srcset=\"https:\/\/screenable.io\/wp-content\/uploads\/2025\/07\/Gamesfoerderung_logos-300x61.webp 300w, https:\/\/screenable.io\/wp-content\/uploads\/2025\/07\/Gamesfoerderung_logos-140x28.webp 140w, https:\/\/screenable.io\/wp-content\/uploads\/2025\/07\/Gamesfoerderung_logos-150x30.webp 150w, https:\/\/screenable.io\/wp-content\/uploads\/2025\/07\/Gamesfoerderung_logos-768x156.webp 768w, https:\/\/screenable.io\/wp-content\/uploads\/2025\/07\/Gamesfoerderung_logos-18x4.webp 18w, https:\/\/screenable.io\/wp-content\/uploads\/2025\/07\/Gamesfoerderung_logos.webp 1175w\" sizes=\"(max-width: 300px) 100vw, 300px\" \/><\/div>\r\n\t\t<\/figure>\r\n\t<\/div>\r\n\t\r\n<\/div><\/div><\/div><\/div>\n<\/div>","protected":false},"excerpt":{"rendered":"","protected":false},"author":2,"featured_media":0,"parent":29143,"menu_order":68,"comment_status":"closed","ping_status":"closed","template":"","meta":{"footnotes":""},"class_list":["post-33615","page","type-page","status-publish"],"yoast_head":"<!-- This site is optimized with the Yoast SEO plugin v27.4 - https:\/\/yoast.com\/product\/yoast-seo-wordpress\/ -->\n<title>Screenable wird gef\u00f6rdert!<\/title>\n<meta name=\"description\" content=\"Gamification meets Marketing\" \/>\n<meta name=\"robots\" content=\"noindex, follow\" \/>\n<meta property=\"og:locale\" content=\"en_GB\" \/>\n<meta property=\"og:type\" content=\"article\" \/>\n<meta property=\"og:title\" content=\"Screenable wird gef\u00f6rdert!\" \/>\n<meta property=\"og:description\" content=\"Gamification meets Marketing\" \/>\n<meta property=\"og:url\" content=\"https:\/\/screenable.io\/en\/blog\/gamesfoerderung\/\" \/>\n<meta property=\"og:site_name\" content=\"Screenable: Live-Marketing Games\" \/>\n<meta property=\"article:modified_time\" content=\"2025-07-22T12:41:56+00:00\" \/>\n<meta property=\"og:image\" content=\"https:\/\/screenable.io\/wp-content\/uploads\/2020\/05\/Screenable_logo.png\" \/>\n\t<meta property=\"og:image:width\" content=\"600\" \/>\n\t<meta property=\"og:image:height\" content=\"73\" \/>\n\t<meta property=\"og:image:type\" content=\"image\/png\" \/>\n<meta name=\"twitter:card\" content=\"summary_large_image\" \/>\n<meta name=\"twitter:label1\" content=\"Estimated reading time\" \/>\n\t<meta name=\"twitter:data1\" content=\"2 minutes\" \/>\n<script type=\"application\/ld+json\" class=\"yoast-schema-graph\">{\"@context\":\"https:\\\/\\\/schema.org\",\"@graph\":[{\"@type\":\"Article\",\"@id\":\"https:\\\/\\\/screenable.io\\\/blog\\\/gamesfoerderung\\\/#article\",\"isPartOf\":{\"@id\":\"https:\\\/\\\/screenable.io\\\/blog\\\/gamesfoerderung\\\/\"},\"author\":{\"name\":\"Philipp Spieck\",\"@id\":\"https:\\\/\\\/screenable.io\\\/#\\\/schema\\\/person\\\/beaa2de3fef36756739ff13e4655c127\"},\"headline\":\"Screenable wird gef\u00f6rdert!\",\"datePublished\":\"2024-05-14T12:00:15+00:00\",\"dateModified\":\"2025-07-22T12:41:56+00:00\",\"mainEntityOfPage\":{\"@id\":\"https:\\\/\\\/screenable.io\\\/blog\\\/gamesfoerderung\\\/\"},\"wordCount\":375,\"publisher\":{\"@id\":\"https:\\\/\\\/screenable.io\\\/#organization\"},\"inLanguage\":\"en-GB\"},{\"@type\":\"WebPage\",\"@id\":\"https:\\\/\\\/screenable.io\\\/blog\\\/gamesfoerderung\\\/\",\"url\":\"https:\\\/\\\/screenable.io\\\/blog\\\/gamesfoerderung\\\/\",\"name\":\"Screenable wird gef\u00f6rdert!\",\"isPartOf\":{\"@id\":\"https:\\\/\\\/screenable.io\\\/#website\"},\"datePublished\":\"2024-05-14T12:00:15+00:00\",\"dateModified\":\"2025-07-22T12:41:56+00:00\",\"description\":\"Gamification meets Marketing\",\"breadcrumb\":{\"@id\":\"https:\\\/\\\/screenable.io\\\/blog\\\/gamesfoerderung\\\/#breadcrumb\"},\"inLanguage\":\"en-GB\",\"potentialAction\":[{\"@type\":\"ReadAction\",\"target\":[\"https:\\\/\\\/screenable.io\\\/blog\\\/gamesfoerderung\\\/\"]}]},{\"@type\":\"BreadcrumbList\",\"@id\":\"https:\\\/\\\/screenable.io\\\/blog\\\/gamesfoerderung\\\/#breadcrumb\",\"itemListElement\":[{\"@type\":\"ListItem\",\"position\":1,\"name\":\"Startseite\",\"item\":\"https:\\\/\\\/screenable.io\\\/\"},{\"@type\":\"ListItem\",\"position\":2,\"name\":\"Gamification Beispiele: Der Screenable Blog\",\"item\":\"https:\\\/\\\/screenable.io\\\/blog\\\/\"},{\"@type\":\"ListItem\",\"position\":3,\"name\":\"Screenable wird gef\u00f6rdert!\"}]},{\"@type\":\"WebSite\",\"@id\":\"https:\\\/\\\/screenable.io\\\/#website\",\"url\":\"https:\\\/\\\/screenable.io\\\/\",\"name\":\"Screenable\",\"description\":\"Menschen spielerisch erreichen\",\"publisher\":{\"@id\":\"https:\\\/\\\/screenable.io\\\/#organization\"},\"potentialAction\":[{\"@type\":\"SearchAction\",\"target\":{\"@type\":\"EntryPoint\",\"urlTemplate\":\"https:\\\/\\\/screenable.io\\\/?s={search_term_string}\"},\"query-input\":{\"@type\":\"PropertyValueSpecification\",\"valueRequired\":true,\"valueName\":\"search_term_string\"}}],\"inLanguage\":\"en-GB\"},{\"@type\":\"Organization\",\"@id\":\"https:\\\/\\\/screenable.io\\\/#organization\",\"name\":\"Screenable\",\"alternateName\":\"Interactive out of Home\",\"url\":\"https:\\\/\\\/screenable.io\\\/\",\"logo\":{\"@type\":\"ImageObject\",\"inLanguage\":\"en-GB\",\"@id\":\"https:\\\/\\\/screenable.io\\\/#\\\/schema\\\/logo\\\/image\\\/\",\"url\":\"https:\\\/\\\/screenable.io\\\/wp-content\\\/uploads\\\/2020\\\/08\\\/Screenable_Favicon.jpg\",\"contentUrl\":\"https:\\\/\\\/screenable.io\\\/wp-content\\\/uploads\\\/2020\\\/08\\\/Screenable_Favicon.jpg\",\"width\":889,\"height\":889,\"caption\":\"Screenable\"},\"image\":{\"@id\":\"https:\\\/\\\/screenable.io\\\/#\\\/schema\\\/logo\\\/image\\\/\"}},{\"@type\":\"Person\",\"@id\":\"https:\\\/\\\/screenable.io\\\/#\\\/schema\\\/person\\\/beaa2de3fef36756739ff13e4655c127\",\"name\":\"Philipp Spieck\",\"image\":{\"@type\":\"ImageObject\",\"inLanguage\":\"en-GB\",\"@id\":\"https:\\\/\\\/secure.gravatar.com\\\/avatar\\\/f4d3fcb574cb401eb191d055dc552ba43ad414f34afc43b5fefcd4cf3e8fa71e?s=96&d=mm&r=g\",\"url\":\"https:\\\/\\\/secure.gravatar.com\\\/avatar\\\/f4d3fcb574cb401eb191d055dc552ba43ad414f34afc43b5fefcd4cf3e8fa71e?s=96&d=mm&r=g\",\"contentUrl\":\"https:\\\/\\\/secure.gravatar.com\\\/avatar\\\/f4d3fcb574cb401eb191d055dc552ba43ad414f34afc43b5fefcd4cf3e8fa71e?s=96&d=mm&r=g\",\"caption\":\"Philipp Spieck\"}}]}<\/script>\n<!-- \/ Yoast SEO plugin. -->","yoast_head_json":{"title":"Screenable wird gef\u00f6rdert!","description":"Gamification meets Marketing","robots":{"index":"noindex","follow":"follow"},"og_locale":"en_GB","og_type":"article","og_title":"Screenable wird gef\u00f6rdert!","og_description":"Gamification meets Marketing","og_url":"https:\/\/screenable.io\/en\/blog\/gamesfoerderung\/","og_site_name":"Screenable: Live-Marketing Games","article_modified_time":"2025-07-22T12:41:56+00:00","og_image":[{"width":600,"height":73,"url":"https:\/\/screenable.io\/wp-content\/uploads\/2020\/05\/Screenable_logo.png","type":"image\/png"}],"twitter_card":"summary_large_image","twitter_misc":{"Estimated reading time":"2 minutes"},"schema":{"@context":"https:\/\/schema.org","@graph":[{"@type":"Article","@id":"https:\/\/screenable.io\/blog\/gamesfoerderung\/#article","isPartOf":{"@id":"https:\/\/screenable.io\/blog\/gamesfoerderung\/"},"author":{"name":"Philipp Spieck","@id":"https:\/\/screenable.io\/#\/schema\/person\/beaa2de3fef36756739ff13e4655c127"},"headline":"Screenable wird gef\u00f6rdert!","datePublished":"2024-05-14T12:00:15+00:00","dateModified":"2025-07-22T12:41:56+00:00","mainEntityOfPage":{"@id":"https:\/\/screenable.io\/blog\/gamesfoerderung\/"},"wordCount":375,"publisher":{"@id":"https:\/\/screenable.io\/#organization"},"inLanguage":"en-GB"},{"@type":"WebPage","@id":"https:\/\/screenable.io\/blog\/gamesfoerderung\/","url":"https:\/\/screenable.io\/blog\/gamesfoerderung\/","name":"Screenable wird gef\u00f6rdert!","isPartOf":{"@id":"https:\/\/screenable.io\/#website"},"datePublished":"2024-05-14T12:00:15+00:00","dateModified":"2025-07-22T12:41:56+00:00","description":"Gamification meets Marketing","breadcrumb":{"@id":"https:\/\/screenable.io\/blog\/gamesfoerderung\/#breadcrumb"},"inLanguage":"en-GB","potentialAction":[{"@type":"ReadAction","target":["https:\/\/screenable.io\/blog\/gamesfoerderung\/"]}]},{"@type":"BreadcrumbList","@id":"https:\/\/screenable.io\/blog\/gamesfoerderung\/#breadcrumb","itemListElement":[{"@type":"ListItem","position":1,"name":"Startseite","item":"https:\/\/screenable.io\/"},{"@type":"ListItem","position":2,"name":"Gamification Beispiele: Der Screenable Blog","item":"https:\/\/screenable.io\/blog\/"},{"@type":"ListItem","position":3,"name":"Screenable wird gef\u00f6rdert!"}]},{"@type":"WebSite","@id":"https:\/\/screenable.io\/#website","url":"https:\/\/screenable.io\/","name":"Screenable","description":"Reaching people through play","publisher":{"@id":"https:\/\/screenable.io\/#organization"},"potentialAction":[{"@type":"SearchAction","target":{"@type":"EntryPoint","urlTemplate":"https:\/\/screenable.io\/?s={search_term_string}"},"query-input":{"@type":"PropertyValueSpecification","valueRequired":true,"valueName":"search_term_string"}}],"inLanguage":"en-GB"},{"@type":"Organization","@id":"https:\/\/screenable.io\/#organization","name":"Screenable","alternateName":"Interactive out of Home","url":"https:\/\/screenable.io\/","logo":{"@type":"ImageObject","inLanguage":"en-GB","@id":"https:\/\/screenable.io\/#\/schema\/logo\/image\/","url":"https:\/\/screenable.io\/wp-content\/uploads\/2020\/08\/Screenable_Favicon.jpg","contentUrl":"https:\/\/screenable.io\/wp-content\/uploads\/2020\/08\/Screenable_Favicon.jpg","width":889,"height":889,"caption":"Screenable"},"image":{"@id":"https:\/\/screenable.io\/#\/schema\/logo\/image\/"}},{"@type":"Person","@id":"https:\/\/screenable.io\/#\/schema\/person\/beaa2de3fef36756739ff13e4655c127","name":"Philipp Spieck","image":{"@type":"ImageObject","inLanguage":"en-GB","@id":"https:\/\/secure.gravatar.com\/avatar\/f4d3fcb574cb401eb191d055dc552ba43ad414f34afc43b5fefcd4cf3e8fa71e?s=96&d=mm&r=g","url":"https:\/\/secure.gravatar.com\/avatar\/f4d3fcb574cb401eb191d055dc552ba43ad414f34afc43b5fefcd4cf3e8fa71e?s=96&d=mm&r=g","contentUrl":"https:\/\/secure.gravatar.com\/avatar\/f4d3fcb574cb401eb191d055dc552ba43ad414f34afc43b5fefcd4cf3e8fa71e?s=96&d=mm&r=g","caption":"Philipp Spieck"}}]}},"_links":{"self":[{"href":"https:\/\/screenable.io\/en\/wp-json\/wp\/v2\/pages\/33615","targetHints":{"allow":["GET"]}}],"collection":[{"href":"https:\/\/screenable.io\/en\/wp-json\/wp\/v2\/pages"}],"about":[{"href":"https:\/\/screenable.io\/en\/wp-json\/wp\/v2\/types\/page"}],"author":[{"embeddable":true,"href":"https:\/\/screenable.io\/en\/wp-json\/wp\/v2\/users\/2"}],"replies":[{"embeddable":true,"href":"https:\/\/screenable.io\/en\/wp-json\/wp\/v2\/comments?post=33615"}],"version-history":[{"count":19,"href":"https:\/\/screenable.io\/en\/wp-json\/wp\/v2\/pages\/33615\/revisions"}],"predecessor-version":[{"id":35222,"href":"https:\/\/screenable.io\/en\/wp-json\/wp\/v2\/pages\/33615\/revisions\/35222"}],"up":[{"embeddable":true,"href":"https:\/\/screenable.io\/en\/wp-json\/wp\/v2\/pages\/29143"}],"wp:attachment":[{"href":"https:\/\/screenable.io\/en\/wp-json\/wp\/v2\/media?parent=33615"}],"curies":[{"name":"wp","href":"https:\/\/api.w.org\/{rel}","templated":true}]}}